{"id":65,"date":"2016-12-13T16:12:13","date_gmt":"2016-12-13T15:12:13","guid":{"rendered":"https:\/\/hophekwerken.tst\/?page_id=65\/"},"modified":"2022-06-28T09:48:15","modified_gmt":"2022-06-28T07:48:15","slug":"kontakt","status":"publish","type":"page","link":"https:\/\/meijerhekwerken.nl\/de\/kontakt\/","title":{"rendered":"Kontakt"},"content":{"rendered":"<p>[vc_row full_width=&#8220;stretch_row&#8220; content_placement=&#8220;middle&#8220; parallax=&#8220;content-moving&#8220; parallax_image=&#8220;21098&#8243; el_class=&#8220;header&#8220; css=&#8220;.vc_custom_1656402478511{padding-top: 60px !important;padding-bottom: 60px !important;}&#8220;][vc_column][vc_row_inner][vc_column_inner][vc_column_text]<\/p>\n<h1 style=\"color: #fff;\">Kontakt<\/h1>\n<p>[\/vc_column_text][\/vc_column_inner][\/vc_row_inner][\/vc_column][\/vc_row][vc_row gap=&#8220;35&#8243; css=&#8220;.vc_custom_1656336932189{margin-top: 60px !important;}&#8220;][vc_column width=&#8220;1\/2&#8243;][vc_column_text]<\/p>\n<h4>Wir m\u00f6chten Sie gerne kennenlernen<\/h4>\n<p>M\u00f6chten Sie weitere Informationen erhalten oder einen Termin f\u00fcr ein pers\u00f6nliches Gespr\u00e4ch vereinbaren? Setzen Sie sich dann \u00fcber die Kontaktinformationen mit uns in Verbindung oder f\u00fcllen Sie das Formular aus.[\/vc_column_text][\/vc_column][vc_column width=&#8220;1\/2&#8243;]\n<div class=\"wpcf7 no-js\" id=\"wpcf7-f267-o1\" lang=\"nl-NL\" dir=\"ltr\">\n<div class=\"screen-reader-response\"><p role=\"status\" aria-live=\"polite\" aria-atomic=\"true\"><\/p> <ul><\/ul><\/div>\n<form action=\"\/de\/wp-json\/wp\/v2\/pages\/65#wpcf7-f267-o1\" method=\"post\" class=\"wpcf7-form init\" aria-label=\"Contactformulier\" novalidate=\"novalidate\" data-status=\"init\">\n<div style=\"display: none;\">\n<input type=\"hidden\" name=\"_wpcf7\" value=\"267\" \/>\n<input type=\"hidden\" name=\"_wpcf7_version\" value=\"5.8.1\" \/>\n<input type=\"hidden\" name=\"_wpcf7_locale\" value=\"nl_NL\" \/>\n<input type=\"hidden\" name=\"_wpcf7_unit_tag\" value=\"wpcf7-f267-o1\" \/>\n<input type=\"hidden\" name=\"_wpcf7_container_post\" value=\"0\" \/>\n<input type=\"hidden\" name=\"_wpcf7_posted_data_hash\" value=\"\" \/>\n<input type=\"hidden\" name=\"_wpcf7_recaptcha_response\" value=\"\" \/>\n<\/div>\n<p><label>Name*<\/label><span class=\"wpcf7-form-control-wrap\" data-name=\"your-name\"><input size=\"40\" class=\"wpcf7-form-control wpcf7-text wpcf7-validates-as-required\" aria-required=\"true\" aria-invalid=\"false\" value=\"\" type=\"text\" name=\"your-name\" \/><\/span><br \/>\n<label>E-Mail-Adresse*<\/label><span class=\"wpcf7-form-control-wrap\" data-name=\"your-email\"><input size=\"40\" class=\"wpcf7-form-control wpcf7-email wpcf7-validates-as-required wpcf7-text wpcf7-validates-as-email\" aria-required=\"true\" aria-invalid=\"false\" value=\"\" type=\"email\" name=\"your-email\" \/><\/span><br \/>\n<label>Telefonnummer<\/label><span class=\"wpcf7-form-control-wrap\" data-name=\"your-phone\"><input size=\"40\" class=\"wpcf7-form-control wpcf7-tel wpcf7-text wpcf7-validates-as-tel\" aria-invalid=\"false\" value=\"\" type=\"tel\" name=\"your-phone\" \/><\/span><br \/>\n<label>Nachricht*<\/label><span class=\"wpcf7-form-control-wrap\" data-name=\"your-message\"><textarea cols=\"40\" rows=\"10\" class=\"wpcf7-form-control wpcf7-textarea wpcf7-validates-as-required\" aria-required=\"true\" aria-invalid=\"false\" name=\"your-message\"><\/textarea><\/span><br \/>\n<span id=\"wpcf7-69e78d78d53f8-wrapper\" class=\"wpcf7-form-control-wrap meijer-hekwerken-de-wrap\" style=\"display:none !important; visibility:hidden !important;\"><label for=\"wpcf7-69e78d78d53f8-field\" class=\"hp-message\">Gelieve dit veld leeg te laten.<\/label><input id=\"wpcf7-69e78d78d53f8-field\"  class=\"wpcf7-form-control wpcf7-text\" type=\"text\" name=\"meijer-hekwerken-de\" value=\"\" size=\"40\" tabindex=\"-1\" autocomplete=\"new-password\" \/><\/span><br \/>\n<input class=\"wpcf7-form-control wpcf7-submit has-spinner\" type=\"submit\" value=\"Senden\" \/>\n<\/p><div class=\"wpcf7-response-output\" aria-hidden=\"true\"><\/div>\n<\/form>\n<\/div>\n[\/vc_column][\/vc_row]<\/p>\n","protected":false},"excerpt":{"rendered":"<p>[vc_row full_width=&#8220;stretch_row&#8220; content_placement=&#8220;middle&#8220; parallax=&#8220;content-moving&#8220; parallax_image=&#8220;21098&#8243; el_class=&#8220;header&#8220; css=&#8220;.vc_custom_1656402478511{padding-top: 60px !important;padding-bottom: 60px !important;}&#8220;][vc_column][vc_row_inner][vc_column_inner][vc_column_text] Kontakt [\/vc_column_text][\/vc_column_inner][\/vc_row_inner][\/vc_column][\/vc_row][vc_row gap=&#8220;35&#8243; css=&#8220;.vc_custom_1656336932189{margin-top: 60px !important;}&#8220;][vc_column width=&#8220;1\/2&#8243;][vc_column_text] Wir m\u00f6chten Sie gerne kennenlernen M\u00f6chten Sie&#8230;<\/p>\n","protected":false},"author":5,"featured_media":591,"parent":0,"menu_order":0,"comment_status":"closed","ping_status":"closed","template":"contact.php","meta":{"footnotes":""},"acf":[],"yoast_head":"<!-- This site is optimized with the Yoast SEO plugin v21.3 - https:\/\/yoast.com\/wordpress\/plugins\/seo\/ -->\n<title>Kontakt - Hop Hekwerken<\/title>\n<meta name=\"robots\" content=\"index, follow, max-snippet:-1, max-image-preview:large, max-video-preview:-1\" \/>\n<link rel=\"canonical\" href=\"https:\/\/meijerhekwerken.nl\/de\/kontakt\/\" \/>\n<meta property=\"og:locale\" content=\"de_DE\" \/>\n<meta property=\"og:type\" content=\"article\" \/>\n<meta property=\"og:title\" content=\"Kontakt - Hop Hekwerken\" \/>\n<meta property=\"og:description\" content=\"[vc_row full_width=&#8220;stretch_row&#8220; content_placement=&#8220;middle&#8220; parallax=&#8220;content-moving&#8220; parallax_image=&#8220;21098&#8243; el_class=&#8220;header&#8220; css=&#8220;.vc_custom_1656402478511{padding-top: 60px !important;padding-bottom: 60px !important;}&#8220;][vc_column][vc_row_inner][vc_column_inner][vc_column_text] Kontakt [\/vc_column_text][\/vc_column_inner][\/vc_row_inner][\/vc_column][\/vc_row][vc_row gap=&#8220;35&#8243; css=&#8220;.vc_custom_1656336932189{margin-top: 60px !important;}&#8220;][vc_column width=&#8220;1\/2&#8243;][vc_column_text] Wir m\u00f6chten Sie gerne kennenlernen M\u00f6chten Sie...\" \/>\n<meta property=\"og:url\" content=\"https:\/\/meijerhekwerken.nl\/de\/kontakt\/\" \/>\n<meta property=\"og:site_name\" content=\"Hop Hekwerken\" \/>\n<meta property=\"article:modified_time\" content=\"2022-06-28T07:48:15+00:00\" \/>\n<meta property=\"og:image\" content=\"https:\/\/meijerhekwerken.nl\/wp-content\/uploads\/2016\/12\/headerHop.jpg\" \/>\n\t<meta property=\"og:image:width\" content=\"2200\" \/>\n\t<meta property=\"og:image:height\" content=\"1464\" \/>\n\t<meta property=\"og:image:type\" content=\"image\/jpeg\" \/>\n<meta name=\"twitter:card\" content=\"summary_large_image\" \/>\n<meta name=\"twitter:label1\" content=\"Gesch\u00e4tzte Lesezeit\" \/>\n\t<meta name=\"twitter:data1\" content=\"1\u00a0Minute\" \/>\n<script type=\"application\/ld+json\" class=\"yoast-schema-graph\">{\"@context\":\"https:\/\/schema.org\",\"@graph\":[{\"@type\":\"WebPage\",\"@id\":\"https:\/\/meijerhekwerken.nl\/de\/kontakt\/\",\"url\":\"https:\/\/meijerhekwerken.nl\/de\/kontakt\/\",\"name\":\"Kontakt - Hop Hekwerken\",\"isPartOf\":{\"@id\":\"https:\/\/meijerhekwerken.nl\/#website\"},\"datePublished\":\"2016-12-13T15:12:13+00:00\",\"dateModified\":\"2022-06-28T07:48:15+00:00\",\"breadcrumb\":{\"@id\":\"https:\/\/meijerhekwerken.nl\/de\/kontakt\/#breadcrumb\"},\"inLanguage\":\"de\",\"potentialAction\":[{\"@type\":\"ReadAction\",\"target\":[\"https:\/\/meijerhekwerken.nl\/de\/kontakt\/\"]}]},{\"@type\":\"BreadcrumbList\",\"@id\":\"https:\/\/meijerhekwerken.nl\/de\/kontakt\/#breadcrumb\",\"itemListElement\":[{\"@type\":\"ListItem\",\"position\":1,\"name\":\"Home\",\"item\":\"https:\/\/meijerhekwerken.nl\/de\/\"},{\"@type\":\"ListItem\",\"position\":2,\"name\":\"Kontakt\"}]},{\"@type\":\"WebSite\",\"@id\":\"https:\/\/meijerhekwerken.nl\/#website\",\"url\":\"https:\/\/meijerhekwerken.nl\/\",\"name\":\"Hop Hekwerken\",\"description\":\"Hop Hekwerken\",\"potentialAction\":[{\"@type\":\"SearchAction\",\"target\":{\"@type\":\"EntryPoint\",\"urlTemplate\":\"https:\/\/meijerhekwerken.nl\/?s={search_term_string}\"},\"query-input\":\"required name=search_term_string\"}],\"inLanguage\":\"de\"}]}<\/script>\n<!-- \/ Yoast SEO plugin. -->","yoast_head_json":{"title":"Kontakt - Hop Hekwerken","robots":{"index":"index","follow":"follow","max-snippet":"max-snippet:-1","max-image-preview":"max-image-preview:large","max-video-preview":"max-video-preview:-1"},"canonical":"https:\/\/meijerhekwerken.nl\/de\/kontakt\/","og_locale":"de_DE","og_type":"article","og_title":"Kontakt - Hop Hekwerken","og_description":"[vc_row full_width=&#8220;stretch_row&#8220; content_placement=&#8220;middle&#8220; parallax=&#8220;content-moving&#8220; parallax_image=&#8220;21098&#8243; el_class=&#8220;header&#8220; css=&#8220;.vc_custom_1656402478511{padding-top: 60px !important;padding-bottom: 60px !important;}&#8220;][vc_column][vc_row_inner][vc_column_inner][vc_column_text] Kontakt [\/vc_column_text][\/vc_column_inner][\/vc_row_inner][\/vc_column][\/vc_row][vc_row gap=&#8220;35&#8243; css=&#8220;.vc_custom_1656336932189{margin-top: 60px !important;}&#8220;][vc_column width=&#8220;1\/2&#8243;][vc_column_text] Wir m\u00f6chten Sie gerne kennenlernen M\u00f6chten Sie...","og_url":"https:\/\/meijerhekwerken.nl\/de\/kontakt\/","og_site_name":"Hop Hekwerken","article_modified_time":"2022-06-28T07:48:15+00:00","og_image":[{"width":2200,"height":1464,"url":"https:\/\/meijerhekwerken.nl\/wp-content\/uploads\/2016\/12\/headerHop.jpg","type":"image\/jpeg"}],"twitter_card":"summary_large_image","twitter_misc":{"Gesch\u00e4tzte Lesezeit":"1\u00a0Minute"},"schema":{"@context":"https:\/\/schema.org","@graph":[{"@type":"WebPage","@id":"https:\/\/meijerhekwerken.nl\/de\/kontakt\/","url":"https:\/\/meijerhekwerken.nl\/de\/kontakt\/","name":"Kontakt - Hop Hekwerken","isPartOf":{"@id":"https:\/\/meijerhekwerken.nl\/#website"},"datePublished":"2016-12-13T15:12:13+00:00","dateModified":"2022-06-28T07:48:15+00:00","breadcrumb":{"@id":"https:\/\/meijerhekwerken.nl\/de\/kontakt\/#breadcrumb"},"inLanguage":"de","potentialAction":[{"@type":"ReadAction","target":["https:\/\/meijerhekwerken.nl\/de\/kontakt\/"]}]},{"@type":"BreadcrumbList","@id":"https:\/\/meijerhekwerken.nl\/de\/kontakt\/#breadcrumb","itemListElement":[{"@type":"ListItem","position":1,"name":"Home","item":"https:\/\/meijerhekwerken.nl\/de\/"},{"@type":"ListItem","position":2,"name":"Kontakt"}]},{"@type":"WebSite","@id":"https:\/\/meijerhekwerken.nl\/#website","url":"https:\/\/meijerhekwerken.nl\/","name":"Hop Hekwerken","description":"Hop Hekwerken","potentialAction":[{"@type":"SearchAction","target":{"@type":"EntryPoint","urlTemplate":"https:\/\/meijerhekwerken.nl\/?s={search_term_string}"},"query-input":"required name=search_term_string"}],"inLanguage":"de"}]}},"_links":{"self":[{"href":"https:\/\/meijerhekwerken.nl\/de\/wp-json\/wp\/v2\/pages\/65"}],"collection":[{"href":"https:\/\/meijerhekwerken.nl\/de\/wp-json\/wp\/v2\/pages"}],"about":[{"href":"https:\/\/meijerhekwerken.nl\/de\/wp-json\/wp\/v2\/types\/page"}],"author":[{"embeddable":true,"href":"https:\/\/meijerhekwerken.nl\/de\/wp-json\/wp\/v2\/users\/5"}],"replies":[{"embeddable":true,"href":"https:\/\/meijerhekwerken.nl\/de\/wp-json\/wp\/v2\/comments?post=65"}],"version-history":[{"count":8,"href":"https:\/\/meijerhekwerken.nl\/de\/wp-json\/wp\/v2\/pages\/65\/revisions"}],"predecessor-version":[{"id":21154,"href":"https:\/\/meijerhekwerken.nl\/de\/wp-json\/wp\/v2\/pages\/65\/revisions\/21154"}],"wp:featuredmedia":[{"embeddable":true,"href":"https:\/\/meijerhekwerken.nl\/de\/wp-json\/wp\/v2\/media\/591"}],"wp:attachment":[{"href":"https:\/\/meijerhekwerken.nl\/de\/wp-json\/wp\/v2\/media?parent=65"}],"curies":[{"name":"wp","href":"https:\/\/api.w.org\/{rel}","templated":true}]}}