{"id":68,"date":"2016-12-13T16:13:38","date_gmt":"2016-12-13T15:13:38","guid":{"rendered":"https:\/\/hophekwerken.tst\/?page_id=68\/"},"modified":"2017-01-31T13:46:10","modified_gmt":"2017-01-31T12:46:10","slug":"was-wir-tun","status":"publish","type":"page","link":"https:\/\/meijerhekwerken.nl\/de\/","title":{"rendered":"Was wir tun"},"content":{"rendered":"<p>Hop Fencing Systems ist f\u00fchrender Produzent von Security Zaunsystemen. Wir fertigen f\u00fcr diverse Auftraggeber in Europa. In unserer modernen Fabrik produzieren wir fast alles auf dem Gebiet der Zaun- und Torsysteme. Durch kurze Wege und kurze Durchlaufzeiten realisiert Hop Fencing Systems schnelle Lieferzeiten. Standard Produkte werden bei uns aus dem Lagerbestand geliefert. Mit einem gesunden Mix aus durchdachter Kreativit\u00e4t, Qualit\u00e4t und Innovation, ist Hop Fencing Systems ein starker Gesch\u00e4ftspartner.<\/p>\n","protected":false},"excerpt":{"rendered":"<p>Hop Fencing Systems ist f\u00fchrender Produzent von Security Zaunsystemen. Wir fertigen f\u00fcr diverse Auftraggeber in Europa. In unserer modernen Fabrik produzieren wir fast alles auf&#8230;<\/p>\n","protected":false},"author":5,"featured_media":59,"parent":0,"menu_order":0,"comment_status":"closed","ping_status":"closed","template":"index.php","meta":{"footnotes":""},"acf":[],"yoast_head":"<!-- This site is optimized with the Yoast SEO plugin v21.3 - https:\/\/yoast.com\/wordpress\/plugins\/seo\/ -->\n<title>Was wir tun - Hop Hekwerken<\/title>\n<meta name=\"robots\" content=\"index, follow, max-snippet:-1, max-image-preview:large, max-video-preview:-1\" \/>\n<link rel=\"canonical\" href=\"https:\/\/meijerhekwerken.nl\/de\/\" \/>\n<meta property=\"og:locale\" content=\"de_DE\" \/>\n<meta property=\"og:type\" content=\"article\" \/>\n<meta property=\"og:title\" content=\"Was wir tun - Hop Hekwerken\" \/>\n<meta property=\"og:description\" content=\"Hop Fencing Systems ist f\u00fchrender Produzent von Security Zaunsystemen. Wir fertigen f\u00fcr diverse Auftraggeber in Europa. In unserer modernen Fabrik produzieren wir fast alles auf...\" \/>\n<meta property=\"og:url\" content=\"https:\/\/meijerhekwerken.nl\/de\/\" \/>\n<meta property=\"og:site_name\" content=\"Hop Hekwerken\" \/>\n<meta property=\"article:modified_time\" content=\"2017-01-31T12:46:10+00:00\" \/>\n<meta property=\"og:image\" content=\"https:\/\/meijerhekwerken.nl\/wp-content\/uploads\/2016\/12\/headerHop.jpg\" \/>\n\t<meta property=\"og:image:width\" content=\"2200\" \/>\n\t<meta property=\"og:image:height\" content=\"1464\" \/>\n\t<meta property=\"og:image:type\" content=\"image\/jpeg\" \/>\n<meta name=\"twitter:card\" content=\"summary_large_image\" \/>\n<script type=\"application\/ld+json\" class=\"yoast-schema-graph\">{\"@context\":\"https:\/\/schema.org\",\"@graph\":[{\"@type\":\"WebPage\",\"@id\":\"https:\/\/meijerhekwerken.nl\/de\/\",\"url\":\"https:\/\/meijerhekwerken.nl\/de\/\",\"name\":\"Was wir tun - Hop Hekwerken\",\"isPartOf\":{\"@id\":\"https:\/\/meijerhekwerken.nl\/#website\"},\"datePublished\":\"2016-12-13T15:13:38+00:00\",\"dateModified\":\"2017-01-31T12:46:10+00:00\",\"breadcrumb\":{\"@id\":\"https:\/\/meijerhekwerken.nl\/de\/#breadcrumb\"},\"inLanguage\":\"de\",\"potentialAction\":[{\"@type\":\"ReadAction\",\"target\":[\"https:\/\/meijerhekwerken.nl\/de\/\"]}]},{\"@type\":\"BreadcrumbList\",\"@id\":\"https:\/\/meijerhekwerken.nl\/de\/#breadcrumb\",\"itemListElement\":[{\"@type\":\"ListItem\",\"position\":1,\"name\":\"Home\",\"item\":\"https:\/\/meijerhekwerken.nl\/de\/\"},{\"@type\":\"ListItem\",\"position\":2,\"name\":\"Was wir tun\"}]},{\"@type\":\"WebSite\",\"@id\":\"https:\/\/meijerhekwerken.nl\/#website\",\"url\":\"https:\/\/meijerhekwerken.nl\/\",\"name\":\"Hop Hekwerken\",\"description\":\"Hop Hekwerken\",\"potentialAction\":[{\"@type\":\"SearchAction\",\"target\":{\"@type\":\"EntryPoint\",\"urlTemplate\":\"https:\/\/meijerhekwerken.nl\/?s={search_term_string}\"},\"query-input\":\"required name=search_term_string\"}],\"inLanguage\":\"de\"}]}<\/script>\n<!-- \/ Yoast SEO plugin. -->","yoast_head_json":{"title":"Was wir tun - Hop Hekwerken","robots":{"index":"index","follow":"follow","max-snippet":"max-snippet:-1","max-image-preview":"max-image-preview:large","max-video-preview":"max-video-preview:-1"},"canonical":"https:\/\/meijerhekwerken.nl\/de\/","og_locale":"de_DE","og_type":"article","og_title":"Was wir tun - Hop Hekwerken","og_description":"Hop Fencing Systems ist f\u00fchrender Produzent von Security Zaunsystemen. Wir fertigen f\u00fcr diverse Auftraggeber in Europa. In unserer modernen Fabrik produzieren wir fast alles auf...","og_url":"https:\/\/meijerhekwerken.nl\/de\/","og_site_name":"Hop Hekwerken","article_modified_time":"2017-01-31T12:46:10+00:00","og_image":[{"width":2200,"height":1464,"url":"https:\/\/meijerhekwerken.nl\/wp-content\/uploads\/2016\/12\/headerHop.jpg","type":"image\/jpeg"}],"twitter_card":"summary_large_image","schema":{"@context":"https:\/\/schema.org","@graph":[{"@type":"WebPage","@id":"https:\/\/meijerhekwerken.nl\/de\/","url":"https:\/\/meijerhekwerken.nl\/de\/","name":"Was wir tun - Hop Hekwerken","isPartOf":{"@id":"https:\/\/meijerhekwerken.nl\/#website"},"datePublished":"2016-12-13T15:13:38+00:00","dateModified":"2017-01-31T12:46:10+00:00","breadcrumb":{"@id":"https:\/\/meijerhekwerken.nl\/de\/#breadcrumb"},"inLanguage":"de","potentialAction":[{"@type":"ReadAction","target":["https:\/\/meijerhekwerken.nl\/de\/"]}]},{"@type":"BreadcrumbList","@id":"https:\/\/meijerhekwerken.nl\/de\/#breadcrumb","itemListElement":[{"@type":"ListItem","position":1,"name":"Home","item":"https:\/\/meijerhekwerken.nl\/de\/"},{"@type":"ListItem","position":2,"name":"Was wir tun"}]},{"@type":"WebSite","@id":"https:\/\/meijerhekwerken.nl\/#website","url":"https:\/\/meijerhekwerken.nl\/","name":"Hop Hekwerken","description":"Hop Hekwerken","potentialAction":[{"@type":"SearchAction","target":{"@type":"EntryPoint","urlTemplate":"https:\/\/meijerhekwerken.nl\/?s={search_term_string}"},"query-input":"required name=search_term_string"}],"inLanguage":"de"}]}},"_links":{"self":[{"href":"https:\/\/meijerhekwerken.nl\/de\/wp-json\/wp\/v2\/pages\/68"}],"collection":[{"href":"https:\/\/meijerhekwerken.nl\/de\/wp-json\/wp\/v2\/pages"}],"about":[{"href":"https:\/\/meijerhekwerken.nl\/de\/wp-json\/wp\/v2\/types\/page"}],"author":[{"embeddable":true,"href":"https:\/\/meijerhekwerken.nl\/de\/wp-json\/wp\/v2\/users\/5"}],"replies":[{"embeddable":true,"href":"https:\/\/meijerhekwerken.nl\/de\/wp-json\/wp\/v2\/comments?post=68"}],"version-history":[{"count":5,"href":"https:\/\/meijerhekwerken.nl\/de\/wp-json\/wp\/v2\/pages\/68\/revisions"}],"predecessor-version":[{"id":546,"href":"https:\/\/meijerhekwerken.nl\/de\/wp-json\/wp\/v2\/pages\/68\/revisions\/546"}],"wp:featuredmedia":[{"embeddable":true,"href":"https:\/\/meijerhekwerken.nl\/de\/wp-json\/wp\/v2\/media\/59"}],"wp:attachment":[{"href":"https:\/\/meijerhekwerken.nl\/de\/wp-json\/wp\/v2\/media?parent=68"}],"curies":[{"name":"wp","href":"https:\/\/api.w.org\/{rel}","templated":true}]}}