{"id":75,"date":"2016-12-13T16:20:36","date_gmt":"2016-12-13T15:20:36","guid":{"rendered":"https:\/\/hophekwerken.tst\/?page_id=75\/"},"modified":"2017-01-31T14:11:58","modified_gmt":"2017-01-31T13:11:58","slug":"uber-hop","status":"publish","type":"page","link":"https:\/\/meijerhekwerken.nl\/de\/uber-hop\/","title":{"rendered":"\u00dcber HOP"},"content":{"rendered":"<p>Hop Fencing Systems aus die Niederl\u00e4nde ist f\u00fchrender Produzent von Z\u00e4une und Tore.<br \/>\nWir sind aber auch gesammt lieferant f\u00fcr die ganze periferie Sicherheit. Neben Z\u00e4une und Tore liefern wir auch Schranken, Poller, Drehkreuze, Sprechanlage, Hochspannung (10.000V), Kamera-\u00fcberwachung usw. Kurz: The Fencing Solution Provider!<\/p>\n<h3>Grundwerte<\/h3>\n<p>Hop Fencing Systems hat eine Reihe von Grundwerten . Diese bilden f\u00fcr die Hop-Mitarbeiter das Leitprinzip f\u00fcr die Verantwortung und Entscheidungen.<\/p>\n<h5>Ergebnis und Qualit\u00e4t<\/h5>\n<p>Hohe Priorit\u00e4t Kundenzufriedenheit. Erf\u00fcllung der Vereinbarungen, immerhin : ein Deal ist ein Deal.<\/p>\n<h5>Klarheit<\/h5>\n<p>Klarheit ist von gro\u00dfer Bedeutung. Eindeutig Arbeiten ist erforderlich. Kommunikation ist wichtig.<\/p>\n<h5>Expertise<\/h5>\n<p>Die genaue Kenntnis des Berufs und dem Markt, in dem die Kunden operieren ist ein &#8218;Must&#8216;.<\/p>\n<h5>Investieren in Menschen und Kunden<\/h5>\n<p>Wir sind eine lernende Organisation, die in Mitarbeiter und Kunden investiert. Engagement wird gef\u00f6rdert und gro\u00dfe Aufmerksamkeit wird auf die Bed\u00fcrfnisse unserer Kunden zu zahlen.<\/p>\n<h5>Christliche Werte und Normen<\/h5>\n<p>Sie k\u00f6nnen uns am Engagement und Ehrlichkeit adressieren. Wir haben nicht an Sonntagen zu arbeiten.<\/p>\n","protected":false},"excerpt":{"rendered":"<p>Hop Fencing Systems aus die Niederl\u00e4nde ist f\u00fchrender Produzent von Z\u00e4une und Tore. Wir sind aber auch gesammt lieferant f\u00fcr die ganze periferie Sicherheit. Neben&#8230;<\/p>\n","protected":false},"author":5,"featured_media":1413,"parent":0,"menu_order":0,"comment_status":"closed","ping_status":"closed","template":"index.php","meta":{"footnotes":""},"acf":[],"yoast_head":"<!-- This site is optimized with the Yoast SEO plugin v21.3 - https:\/\/yoast.com\/wordpress\/plugins\/seo\/ -->\n<title>\u00dcber HOP - Hop Hekwerken<\/title>\n<meta name=\"robots\" content=\"index, follow, max-snippet:-1, max-image-preview:large, max-video-preview:-1\" \/>\n<link rel=\"canonical\" href=\"https:\/\/meijerhekwerken.nl\/de\/uber-hop\/\" \/>\n<meta property=\"og:locale\" content=\"de_DE\" \/>\n<meta property=\"og:type\" content=\"article\" \/>\n<meta property=\"og:title\" content=\"\u00dcber HOP - Hop Hekwerken\" \/>\n<meta property=\"og:description\" content=\"Hop Fencing Systems aus die Niederl\u00e4nde ist f\u00fchrender Produzent von Z\u00e4une und Tore. Wir sind aber auch gesammt lieferant f\u00fcr die ganze periferie Sicherheit. Neben...\" \/>\n<meta property=\"og:url\" content=\"https:\/\/meijerhekwerken.nl\/de\/uber-hop\/\" \/>\n<meta property=\"og:site_name\" content=\"Hop Hekwerken\" \/>\n<meta property=\"article:modified_time\" content=\"2017-01-31T13:11:58+00:00\" \/>\n<meta property=\"og:image\" content=\"https:\/\/meijerhekwerken.nl\/wp-content\/uploads\/2020\/01\/IMG_0848_HR-bw-1024x683.jpg\" \/>\n\t<meta property=\"og:image:width\" content=\"1024\" \/>\n\t<meta property=\"og:image:height\" content=\"683\" \/>\n\t<meta property=\"og:image:type\" content=\"image\/jpeg\" \/>\n<meta name=\"twitter:card\" content=\"summary_large_image\" \/>\n<meta name=\"twitter:label1\" content=\"Gesch\u00e4tzte Lesezeit\" \/>\n\t<meta name=\"twitter:data1\" content=\"1\u00a0Minute\" \/>\n<script type=\"application\/ld+json\" class=\"yoast-schema-graph\">{\"@context\":\"https:\/\/schema.org\",\"@graph\":[{\"@type\":\"WebPage\",\"@id\":\"https:\/\/meijerhekwerken.nl\/de\/uber-hop\/\",\"url\":\"https:\/\/meijerhekwerken.nl\/de\/uber-hop\/\",\"name\":\"\u00dcber HOP - Hop Hekwerken\",\"isPartOf\":{\"@id\":\"https:\/\/meijerhekwerken.nl\/#website\"},\"datePublished\":\"2016-12-13T15:20:36+00:00\",\"dateModified\":\"2017-01-31T13:11:58+00:00\",\"breadcrumb\":{\"@id\":\"https:\/\/meijerhekwerken.nl\/de\/uber-hop\/#breadcrumb\"},\"inLanguage\":\"de\",\"potentialAction\":[{\"@type\":\"ReadAction\",\"target\":[\"https:\/\/meijerhekwerken.nl\/de\/uber-hop\/\"]}]},{\"@type\":\"BreadcrumbList\",\"@id\":\"https:\/\/meijerhekwerken.nl\/de\/uber-hop\/#breadcrumb\",\"itemListElement\":[{\"@type\":\"ListItem\",\"position\":1,\"name\":\"Home\",\"item\":\"https:\/\/meijerhekwerken.nl\/de\/\"},{\"@type\":\"ListItem\",\"position\":2,\"name\":\"\u00dcber HOP\"}]},{\"@type\":\"WebSite\",\"@id\":\"https:\/\/meijerhekwerken.nl\/#website\",\"url\":\"https:\/\/meijerhekwerken.nl\/\",\"name\":\"Hop Hekwerken\",\"description\":\"Hop Hekwerken\",\"potentialAction\":[{\"@type\":\"SearchAction\",\"target\":{\"@type\":\"EntryPoint\",\"urlTemplate\":\"https:\/\/meijerhekwerken.nl\/?s={search_term_string}\"},\"query-input\":\"required name=search_term_string\"}],\"inLanguage\":\"de\"}]}<\/script>\n<!-- \/ Yoast SEO plugin. -->","yoast_head_json":{"title":"\u00dcber HOP - Hop Hekwerken","robots":{"index":"index","follow":"follow","max-snippet":"max-snippet:-1","max-image-preview":"max-image-preview:large","max-video-preview":"max-video-preview:-1"},"canonical":"https:\/\/meijerhekwerken.nl\/de\/uber-hop\/","og_locale":"de_DE","og_type":"article","og_title":"\u00dcber HOP - Hop Hekwerken","og_description":"Hop Fencing Systems aus die Niederl\u00e4nde ist f\u00fchrender Produzent von Z\u00e4une und Tore. Wir sind aber auch gesammt lieferant f\u00fcr die ganze periferie Sicherheit. Neben...","og_url":"https:\/\/meijerhekwerken.nl\/de\/uber-hop\/","og_site_name":"Hop Hekwerken","article_modified_time":"2017-01-31T13:11:58+00:00","og_image":[{"width":1024,"height":683,"url":"https:\/\/meijerhekwerken.nl\/wp-content\/uploads\/2020\/01\/IMG_0848_HR-bw-1024x683.jpg","type":"image\/jpeg"}],"twitter_card":"summary_large_image","twitter_misc":{"Gesch\u00e4tzte Lesezeit":"1\u00a0Minute"},"schema":{"@context":"https:\/\/schema.org","@graph":[{"@type":"WebPage","@id":"https:\/\/meijerhekwerken.nl\/de\/uber-hop\/","url":"https:\/\/meijerhekwerken.nl\/de\/uber-hop\/","name":"\u00dcber HOP - Hop Hekwerken","isPartOf":{"@id":"https:\/\/meijerhekwerken.nl\/#website"},"datePublished":"2016-12-13T15:20:36+00:00","dateModified":"2017-01-31T13:11:58+00:00","breadcrumb":{"@id":"https:\/\/meijerhekwerken.nl\/de\/uber-hop\/#breadcrumb"},"inLanguage":"de","potentialAction":[{"@type":"ReadAction","target":["https:\/\/meijerhekwerken.nl\/de\/uber-hop\/"]}]},{"@type":"BreadcrumbList","@id":"https:\/\/meijerhekwerken.nl\/de\/uber-hop\/#breadcrumb","itemListElement":[{"@type":"ListItem","position":1,"name":"Home","item":"https:\/\/meijerhekwerken.nl\/de\/"},{"@type":"ListItem","position":2,"name":"\u00dcber HOP"}]},{"@type":"WebSite","@id":"https:\/\/meijerhekwerken.nl\/#website","url":"https:\/\/meijerhekwerken.nl\/","name":"Hop Hekwerken","description":"Hop Hekwerken","potentialAction":[{"@type":"SearchAction","target":{"@type":"EntryPoint","urlTemplate":"https:\/\/meijerhekwerken.nl\/?s={search_term_string}"},"query-input":"required name=search_term_string"}],"inLanguage":"de"}]}},"_links":{"self":[{"href":"https:\/\/meijerhekwerken.nl\/de\/wp-json\/wp\/v2\/pages\/75"}],"collection":[{"href":"https:\/\/meijerhekwerken.nl\/de\/wp-json\/wp\/v2\/pages"}],"about":[{"href":"https:\/\/meijerhekwerken.nl\/de\/wp-json\/wp\/v2\/types\/page"}],"author":[{"embeddable":true,"href":"https:\/\/meijerhekwerken.nl\/de\/wp-json\/wp\/v2\/users\/5"}],"replies":[{"embeddable":true,"href":"https:\/\/meijerhekwerken.nl\/de\/wp-json\/wp\/v2\/comments?post=75"}],"version-history":[{"count":7,"href":"https:\/\/meijerhekwerken.nl\/de\/wp-json\/wp\/v2\/pages\/75\/revisions"}],"predecessor-version":[{"id":552,"href":"https:\/\/meijerhekwerken.nl\/de\/wp-json\/wp\/v2\/pages\/75\/revisions\/552"}],"wp:featuredmedia":[{"embeddable":true,"href":"https:\/\/meijerhekwerken.nl\/de\/wp-json\/wp\/v2\/media\/1413"}],"wp:attachment":[{"href":"https:\/\/meijerhekwerken.nl\/de\/wp-json\/wp\/v2\/media?parent=75"}],"curies":[{"name":"wp","href":"https:\/\/api.w.org\/{rel}","templated":true}]}}